{"id":93,"date":"2017-10-31T03:04:53","date_gmt":"2017-10-31T03:04:53","guid":{"rendered":"http:\/\/parorangi.maori.nz\/hpc\/?page_id=93"},"modified":"2018-05-03T16:52:03","modified_gmt":"2018-05-03T04:52:03","slug":"panui-update","status":"publish","type":"page","link":"https:\/\/parorangi.maori.nz\/hpc\/panui\/panui-update\/","title":{"rendered":"PANUI &#8211; UPDATE:"},"content":{"rendered":"<p>T\u0113n\u0101 koutou ng\u0101 tama tawhito o Hato P\u0101ora,<\/p>\n<p><strong>BACKGROUND:<\/strong><\/p>\n<p>In the past decade, there have been many requests from old boys wanting to attend Reunions back at the Kura.\u00a0 According to research about Boarding School Reunion Events, they are far more attractive to Alumni if reunions are well organised and celebrated among their associates (year groups).<\/p>\n<p><strong><em>Please Note:<\/em><\/strong><em>\u00a0School Gala Day is Old Boys Day also. We encourage all old boys young and old to attend. However, registration this round is only for Classes of \u201949 \u201959 \u201969 \u201979 \u201989 \u201999 and \u201909 because 2019 next year, will be their Anniversary year. Then the following year 2020, it will be the same, anniversaries for Classes of \u20191950 up-to \u20192010 and so forth.<\/em><\/p>\n<p>A standard reunion registration including programme and cost has already been developed to help the HPC-OBA manage this process effectively. For this kaupapa to be successful,\u00a0<em>we need old boys who are from Classes of \u201949 up-to \u201809\u00a0<\/em>to now register. <em>The year group you are to register with, is your 3<sup>rd<\/sup> form year group you were enrolled with when you first attended the College. For example, I started my 3<\/em><em><sup>rd<\/sup><\/em><em>\u00a0form at the Kura back in 1982, so that makes me Class of \u201982. Brothers who had joined our particular year group the follow year or years after, are encouraged to register with our same year group (Class of \u201982).<\/em><\/p>\n<p><strong><em>If you are still needing further clarification about this, please call me 027-2433561.<\/em><\/strong><\/p>\n<p>&nbsp;<\/p>\n<p>All Reunion events below have been scheduled annually to be held every School Gala Day. Registration also includes former School\/Hostel Staff and Trust Board\/BOT Members if they wish to participate, <em>see further details below how to register<\/em>.<\/p>\n<hr \/>\n<p style=\"text-align: center;\"><strong><u>HATO PAORA COLLEGE OLD BOY\u2019S ASSOCIATION.<\/u><\/strong><\/p>\n<p style=\"text-align: center;\">Reconnecting Old Boys back with their Kura and each Other!<\/p>\n<table style=\"height: 785px;\" width=\"761\" align=\"center\">\n<tbody>\n<tr>\n<td width=\"107\">&nbsp;<\/p>\n<p style=\"text-align: center;\"><strong>YEAR OF REUNION<\/strong><\/p>\n<\/td>\n<td style=\"text-align: center;\" width=\"89\">&nbsp;<\/p>\n<p><strong>YEAR GROUPS<\/strong><\/td>\n<td style=\"text-align: center;\" width=\"145\">&nbsp;<\/p>\n<p><strong>PURPOSE?<\/strong><\/p>\n<p><strong>CELEBRATING<\/strong><\/p>\n<p>&nbsp;<\/td>\n<td style=\"text-align: center;\" width=\"175\">&nbsp;<\/p>\n<p><strong>WHEN?<\/strong><\/p>\n<p><strong>SCHOOL GALA DAY<\/strong><\/td>\n<\/tr>\n<tr>\n<td width=\"107\">\n<p style=\"text-align: center;\"><strong><span style=\"color: #000080;\">2019<\/span><\/strong><br \/>\n<strong><span style=\"color: #000080;\"> 2019<\/span><\/strong><br \/>\n<strong><span style=\"color: #000080;\"> 2019<\/span><\/strong><br \/>\n<strong><span style=\"color: #000080;\"> 2019<\/span><\/strong><br \/>\n<strong><span style=\"color: #000080;\"> 2019<\/span><\/strong><br \/>\n<strong><span style=\"color: #000080;\"> 2019<\/span><\/strong><br \/>\n<strong><span style=\"color: #000080;\"> 2019<\/span><\/strong><\/p>\n<\/td>\n<td style=\"text-align: center;\" width=\"89\"><strong><span style=\"color: #ff0000;\">1949<\/span><\/strong><br \/>\n<strong><span style=\"color: #ff0000;\"> 1959<\/span><\/strong><br \/>\n<strong><span style=\"color: #ff0000;\"> 1969<\/span><\/strong><br \/>\n<strong><span style=\"color: #ff0000;\"> 1979<\/span><\/strong><br \/>\n<strong><span style=\"color: #ff0000;\"> 1989<\/span><\/strong><br \/>\n<strong><span style=\"color: #ff0000;\"> 1999<\/span><\/strong><br \/>\n<strong><span style=\"color: #ff0000;\"> 2009<\/span><\/strong><\/td>\n<td style=\"text-align: center;\" width=\"145\"><span style=\"color: #000080;\">70th Anniversary<\/span><br \/>\n<span style=\"color: #000080;\"> 60th Anniversary<\/span><br \/>\n<span style=\"color: #000080;\"> 50th Anniversary<\/span><br \/>\n<span style=\"color: #000080;\"> 40th Anniversary<\/span><br \/>\n<span style=\"color: #000080;\"> 30th Anniversary<\/span><br \/>\n<span style=\"color: #000080;\"> 20th Anniversary<\/span><br \/>\n<span style=\"color: #000080;\"> 10th Anniversary<\/span><\/td>\n<td width=\"175\">&nbsp;<\/p>\n<p>&nbsp;<\/p>\n<p style=\"text-align: center;\"><strong>School Gala Day<\/strong><\/p>\n<p style=\"text-align: center;\"><strong>Saturday 23 March 2019<\/strong><\/p>\n<p>&nbsp;<\/td>\n<\/tr>\n<tr>\n<td width=\"107\">\n<p style=\"text-align: center;\">2020<br \/>\n2020<br \/>\n2020<br \/>\n2020<br \/>\n2020<br \/>\n2020<br \/>\n2020<\/p>\n<\/td>\n<td style=\"text-align: center;\" width=\"89\">1950<br \/>\n1960<br \/>\n1970<br \/>\n1980<br \/>\n1990<br \/>\n2000<br \/>\n2010<\/td>\n<td style=\"text-align: center;\" width=\"145\">70th Anniversary<br \/>\n60th Anniversary<br \/>\n50th Anniversary<br \/>\n40th Anniversary<br \/>\n30th Anniversary<br \/>\n20th Anniversary<br \/>\n10th Anniversary<\/td>\n<td width=\"175\">&nbsp;<\/p>\n<p style=\"text-align: center;\">School Gala Day 2020<\/p>\n<p style=\"text-align: center;\">(To Be Confirmed)<\/p>\n<p>&nbsp;<\/p>\n<p>&nbsp;<\/td>\n<\/tr>\n<tr>\n<td width=\"107\">\n<p style=\"text-align: center;\">2021<br \/>\n2021<br \/>\n2021<br \/>\n2021<br \/>\n2021<br \/>\n2021<br \/>\n2021<\/p>\n<\/td>\n<td style=\"text-align: center;\" width=\"89\">1951<br \/>\n1961<br \/>\n1971<br \/>\n1981<br \/>\n1991<br \/>\n2001<br \/>\n2011<\/td>\n<td style=\"text-align: center;\" width=\"145\">70th Anniversary<br \/>\n60th Anniversary<br \/>\n50th Anniversary<br \/>\n40th Anniversary<br \/>\n30th Anniversary<br \/>\n20th Anniversary<br \/>\n10th Anniversary<\/td>\n<td width=\"175\">&nbsp;<\/p>\n<p style=\"text-align: center;\">School Gala Day 2021<\/p>\n<p style=\"text-align: center;\">(To Be Confirmed)<\/p>\n<\/td>\n<\/tr>\n<\/tbody>\n<\/table>\n<p><strong>PLEASE NOTE: \u2013 Scheduled Timeframes for Registrations is as follow;<\/strong><\/p>\n<ul>\n<li><strong>2019 Reunion Registrations<\/strong> for (Class of<strong><span style=\"color: #000080;\"> \u201849 &#8211; \u201859 &#8211; \u201869 &#8211; \u201879 &#8211; \u201889 &#8211; \u201899 &#8211; \u201909<\/span><\/strong>)\u00a0<strong><span style=\"color: #008000;\"> Now Open<\/span><\/strong>\u00a0<strong>1<sup>st<\/sup> May 2018<\/strong>\u00a0<strong>&#8211; <a href=\"https:\/\/parorangi.maori.nz\/hpc\/register-now\/ob-reunion-registration-page\/\">click here<\/a>\u00a0<\/strong><\/li>\n<li>2020 Reunion Registrations for (Class of \u201850 &#8211; \u201860 &#8211; \u201870 &#8211; \u201880 &#8211; \u201890 &#8211; \u201800 &#8211; \u201910) will be open online 1<sup>st<\/sup> May 2019<\/li>\n<li>2021 Reunion Registrations for (Class of \u201851 &#8211; \u201861 &#8211; \u201871 &#8211; \u201881 &#8211; \u201891 &#8211; \u201801 &#8211; \u201911) will be open online 1<sup>st<\/sup> May 2020<\/li>\n<\/ul>\n<p><strong><em><u>3 WAYS YOU CAN REGISTER:<\/u><\/em><\/strong><\/p>\n<ol>\n<li style=\"text-align: justify;\"><em>You can register here online, its quick, simple and easy. Also you can print off hardcopies here and send them on to old boys who do not have access to computers.<\/em><\/li>\n<li style=\"text-align: justify;\"><em>Pick up Registration Form from the College Main Office<\/em><\/li>\n<li style=\"text-align: justify;\"><em>Call\/Text 027-2433561 Mahanga Williams (HPC-OBA President) to receive Registration Form via post.<\/em><\/li>\n<\/ol>\n<p>Please inform as many old boys including former School\/Hostel staff and Trust Board\/BOT members, so they are prepared for when their year group celebrates their decade anniversaries together.<\/p>\n<hr \/>\n<p><strong>Hato P\u0101ora College Gala Day<\/strong><\/p>\n<p><strong>Saturday 23<\/strong><strong><sup>rd<\/sup><\/strong><strong>\u00a0March 2019<\/strong><\/p>\n<hr \/>\n<h4><strong>PROGRAMME<\/strong><\/h4>\n<p><strong>09.00am\u00a0<\/strong>Old Boys Touch Comp\u00a0<em>(kick off)<\/em><\/p>\n<p><strong>11.00am\u00a0<\/strong>Registration Office will be set up in the Hall (Wharenui) for registered old boys (Class of \u201949 \u201959 \u201969 \u201979 \u201989 \u201999 \u201909) to sign in and pick up dress shirts.<\/p>\n<p><strong>11.30am\u00a0<\/strong>Photo Session for Classes of \u201949 \u201959 \u201969 \u201979 \u201989 \u201999 \u201909 in their year groups.<\/p>\n<p><strong>12.00pm\u00a0<\/strong>School Gala begins<\/p>\n<p><strong>3.00pm\u00a0<\/strong>Mihi Whakatau in School Gym followed by<\/p>\n<p><strong>3.15pm\u00a0\u00a0<\/strong>House Comps \u2013 Kapa Haka<\/p>\n<p><strong>7.00pm\u00a0<\/strong>\u00a0\u201cP\u0100ORA ROCKS\u201d evening gala fundraiser (social drinks &amp; Hot Finger Food) at the Willow Park Tavern, Palmerston North.<\/p>\n<p><strong>9.00pm\u00a0\u00a0<\/strong>Old Boys Karaoke House Comp begins, followed by Night Club Sounz till late<\/p>\n<hr \/>\n<p><strong>COSTS FOR 2019 REGISTRATION:<\/strong><\/p>\n<p>&nbsp;<\/p>\n<p><strong>OPTION 1: &#8211; Single Registration Ticket: $80\u00a0<\/strong>&#8211; <em>this includes the following<\/em><\/p>\n<ul>\n<li>Reunion Memorabilia Dress Shirt x1\u00a0 \u00a0 \u00a0 \u00a0 \u00a0 \u00a0 \u00a0 \u00a0 \u00a0 \u00a0 \u00a0 \u00a0 \u00a0 \u00a0 \u00a0 \u00a0 \u00a0 \u00a0 \u00a0 \u00a0 \u00a0 \u00a0 \u00a0 \u00a0 \u00a0 \u00a0 \u00a0 \u00a0 \u00a0 \u00a0$ 50.00<\/li>\n<li>Professional Group Photo\u00a0 \u00a0 \u00a0 \u00a0 \u00a0 \u00a0 \u00a0 \u00a0 \u00a0 \u00a0 \u00a0 \u00a0 \u00a0 \u00a0 \u00a0 \u00a0 \u00a0 \u00a0 \u00a0 \u00a0 \u00a0 \u00a0 \u00a0 \u00a0 \u00a0 \u00a0 \u00a0 \u00a0 \u00a0 \u00a0 \u00a0 \u00a0 \u00a0 \u00a0 \u00a0 \u00a0 \u00a0 \u00a0 \u00a0$ 10.00<\/li>\n<li>P\u0100ORA ROCK\u2019S Ticket &amp; Hot Finger Food\u00a0 \u00a0 \u00a0 \u00a0 \u00a0 \u00a0 \u00a0 \u00a0 \u00a0 \u00a0 \u00a0 \u00a0 \u00a0 \u00a0 \u00a0 \u00a0 \u00a0 \u00a0 \u00a0 \u00a0 \u00a0 \u00a0 \u00a0 \u00a0 \u00a0 \u00a0 $ 20.00<\/li>\n<\/ul>\n<p><strong>\u00a0 \u00a0 \u00a0 \u00a0 \u00a0 \u00a0 \u00a0 \u00a0 \u00a0 \u00a0 \u00a0 \u00a0 \u00a0 \u00a0 \u00a0 \u00a0 \u00a0 \u00a0 \u00a0 \u00a0 \u00a0 \u00a0 \u00a0 \u00a0 \u00a0 \u00a0 \u00a0 \u00a0 \u00a0 \u00a0 \u00a0 \u00a0 \u00a0 \u00a0 \u00a0 \u00a0 \u00a0 \u00a0 \u00a0 \u00a0 \u00a0 \u00a0 \u00a0 \u00a0 \u00a0 \u00a0 \u00a0 \u00a0 \u00a0 \u00a0 \u00a0 \u00a0 \u00a0 \u00a0 \u00a0 \u00a0\u00a0<\/strong><strong>Total:\u00a0\u00a0\u00a0\u00a0\u00a0 <u>$ 80.00<\/u><\/strong><\/p>\n<p><strong>\u00a0<\/strong><\/p>\n<p><strong>OPTION 2: &#8211; Double Registration Ticket: $100 <\/strong>\u2013 <em>this includes all the above plus extra<\/em><\/p>\n<ul>\n<li>P\u0100ORA ROCK\u2019S Ticket to\u00a0<em>include your partner<\/em>.\u00a0 \u00a0 \u00a0 \u00a0<span style=\"color: #ffffff;\">&#8230;&#8230;&#8230;&#8230;&#8230;&#8230;&#8230;&#8230;&#8230;&#8230;..<\/span> $ 20.00<\/li>\n<\/ul>\n<p><strong>\u00a0 \u00a0 \u00a0 \u00a0 \u00a0 \u00a0 \u00a0 \u00a0 \u00a0 \u00a0 \u00a0 \u00a0 \u00a0 \u00a0 \u00a0 \u00a0 \u00a0 \u00a0 \u00a0 \u00a0 \u00a0 \u00a0 \u00a0 \u00a0 \u00a0 \u00a0 \u00a0 \u00a0 \u00a0 \u00a0 \u00a0 \u00a0 \u00a0 \u00a0 \u00a0 \u00a0 \u00a0 \u00a0 \u00a0 \u00a0 \u00a0 \u00a0 \u00a0 \u00a0 \u00a0 \u00a0 \u00a0 \u00a0 \u00a0 \u00a0 \u00a0 \u00a0 \u00a0 \u00a0 \u00a0 Total:\u00a0\u00a0\u00a0\u00a0\u00a0 <\/strong><strong><u>$100.00<\/u><\/strong><\/p>\n<p><strong>KEY NOTES:<\/strong><\/p>\n<ul>\n<li>Registration is now open for Classes of (\u201949 \u201959 \u201969 \u201979 \u201989 \u201999 and \u201909).<\/li>\n<li>All Reunion Registration Fees are to be paid before the end of February 2019<\/li>\n<li>Registrations paid after February will not include extra cost for Memorabilia Dress Shirt.<\/li>\n<li>We encourage old boys who are celebrating their Anniversary\u2019s to wear their Memorabilia dress shirts thru out the Gala, so it sets the scene and example for the following Anniversary Year Groups to do the same.<\/li>\n<li>Any remaining P\u0101ora Rock\u2019s Tickets outside registered members will be up for sale from 1<sup>st<\/sup>March 2019.<\/li>\n<li>Accommodation? You will need to sort this out yourself. There are plenty Motels\/Hotels for you to check out in Feilding and Palmerston North. Brothers, we advise you to sort this out now ASAP.<\/li>\n<\/ul>\n<p><strong><em>2 OPTIONS HOW YOU CAN PAY YOUR REGISTRATION FEE:<\/em><\/strong><\/p>\n<ol>\n<li>Online banking is easy you can set it up yourself (see account details below) or;<\/li>\n<li>You can visit your bank, hand them copy of account details below and arrange payment.<\/li>\n<\/ol>\n<p>Account Name:\u00a0 \u00a0\u00a0\u00a0\u00a0\u00a0\u00a0\u00a0\u00a0 <strong>Hato P\u0101ora College Old Boys Association<\/strong><\/p>\n<p>Account Number: <strong>\u00a0\u00a0\u00a0\u00a0\u00a0\u00a0 ANZ\u00a0 &#8211;\u00a0 01-0666-0118064-00<\/strong><\/p>\n<p>You must reference your <strong>Name<\/strong> as one word for our records e.g.\u00a0 MahangaWilliams\u00a0 &#8211;\u00a0 <strong><em>Simple Aye!<\/em><\/strong><\/p>\n<p>However, if you are living overseas you will need to give them this swift code number <strong>ANZBNZ22<\/strong> then account name and number as above and if required, you may need to give them our Branch address which is <strong>ANZ Otaki, 21 Main St, Otaki 5512.<\/strong><\/p>\n<p>&nbsp;<\/p>\n<hr \/>\n<h2 style=\"text-align: center;\"><strong><a href=\"https:\/\/parorangi.maori.nz\/hpc\/register-now\/ob-reunion-registration-page\/\">CLICK HERE NOW TO REGISTER ONLINE<\/a><\/strong><\/h2>\n<p style=\"text-align: center;\">OR<\/p>\n<p style=\"text-align: center;\"><strong>TO Print! <a href=\"https:\/\/parorangi.maori.nz\/hpc\/wp-content\/uploads\/2018\/05\/HPC-2019-OB-Reunion-Rego-Form.pdf\" target=\"_blank\" rel=\"noopener\">CLICK HERE FOR pdf TO PRINT<\/a><\/strong><\/p>\n<hr \/>\n<p><em>If you have any further queries, please feel free to contact me.<\/em><\/p>\n<p>Whaia Te Tika,<\/p>\n<p>Mahanga Williams (HPC-OBA \u00a0Co-President).<\/p>\n<p>027-2433561<\/p>\n","protected":false},"excerpt":{"rendered":"<p>T\u0113n\u0101 koutou ng\u0101 tama tawhito o Hato P\u0101ora, BACKGROUND: In the past decade, there have been many requests from old boys wanting to attend Reunions back at the Kura.\u00a0 According to research about Boarding School Reunion Events, they are far more attractive to Alumni if reunions are well organised and celebrated among their associates (year &hellip; <a href=\"https:\/\/parorangi.maori.nz\/hpc\/panui\/panui-update\/\" class=\"more-link\">Continue reading <span class=\"screen-reader-text\">PANUI &#8211; UPDATE:<\/span><\/a><\/p>\n","protected":false},"author":1,"featured_media":0,"parent":31,"menu_order":0,"comment_status":"closed","ping_status":"closed","template":"","meta":{"footnotes":""},"class_list":["post-93","page","type-page","status-publish","hentry"],"jetpack_sharing_enabled":true,"_links":{"self":[{"href":"https:\/\/parorangi.maori.nz\/hpc\/wp-json\/wp\/v2\/pages\/93","targetHints":{"allow":["GET"]}}],"collection":[{"href":"https:\/\/parorangi.maori.nz\/hpc\/wp-json\/wp\/v2\/pages"}],"about":[{"href":"https:\/\/parorangi.maori.nz\/hpc\/wp-json\/wp\/v2\/types\/page"}],"author":[{"embeddable":true,"href":"https:\/\/parorangi.maori.nz\/hpc\/wp-json\/wp\/v2\/users\/1"}],"replies":[{"embeddable":true,"href":"https:\/\/parorangi.maori.nz\/hpc\/wp-json\/wp\/v2\/comments?post=93"}],"version-history":[{"count":75,"href":"https:\/\/parorangi.maori.nz\/hpc\/wp-json\/wp\/v2\/pages\/93\/revisions"}],"predecessor-version":[{"id":218,"href":"https:\/\/parorangi.maori.nz\/hpc\/wp-json\/wp\/v2\/pages\/93\/revisions\/218"}],"up":[{"embeddable":true,"href":"https:\/\/parorangi.maori.nz\/hpc\/wp-json\/wp\/v2\/pages\/31"}],"wp:attachment":[{"href":"https:\/\/parorangi.maori.nz\/hpc\/wp-json\/wp\/v2\/media?parent=93"}],"curies":[{"name":"wp","href":"https:\/\/api.w.org\/{rel}","templated":true}]}}