{"id":41,"date":"2017-10-31T02:28:17","date_gmt":"2017-10-31T02:28:17","guid":{"rendered":"http:\/\/parorangi.maori.nz\/hpc\/?page_id=41"},"modified":"2017-10-31T02:28:17","modified_gmt":"2017-10-31T02:28:17","slug":"mate-board","status":"publish","type":"page","link":"https:\/\/parorangi.maori.nz\/hpc\/archive-taonga\/mate-board\/","title":{"rendered":"Mate Board"},"content":{"rendered":"<div align=\"left\">\n<p align=\"justify\"><span style=\"font-family: Verdana, Arial, Helvetica, sans-serif; font-size: small;\">E te tuakana, t\u0113n\u0101 koe<\/span><\/p>\n<p align=\"justify\"><span style=\"font-family: Verdana, Arial, Helvetica, sans-serif; font-size: small;\">The Hato P\u0101ora Old Boys Executive is planning to update the P\u0101nui Mate Board that currently resides in the Chapel at the College.<\/span><\/p>\n<p align=\"justify\"><span style=\"font-family: Verdana, Arial, Helvetica, sans-serif; font-size: small;\">In order for the Executive to receive accurate information related to this sensitive subject, we ask that you fill out the following form and send it back to us as best as you can and in particular, noting if someone(s) from your year group has passed away.<\/span><\/p>\n<p align=\"justify\"><span style=\"font-family: Verdana, Arial, Helvetica, sans-serif; font-size: small;\">Please fill in the questionnaire and the Executive will collate the information, and will also contact immediate wh\u0101nau informing them of the executive\u2019s intentions.<\/span><\/p>\n<\/div>\n<div align=\"left\">\n<p align=\"center\"><span style=\"font-family: Verdana, Arial, Helvetica, sans-serif; font-size: small;\"><strong><span style=\"font-size: medium;\">Registration of mate for the P\u0101nui Mate Board 2012<\/span><\/strong><\/span><\/p>\n<table border=\"3\" width=\"99%\" cellspacing=\"0\" cellpadding=\"0\">\n<tbody>\n<tr bgcolor=\"#FF0000\">\n<td>\n<div align=\"center\"><strong><span style=\"color: #ffffff; font-family: Verdana, Arial, Helvetica, sans-serif; font-size: medium;\">Name of deceased:<\/span><\/strong><\/div>\n<\/td>\n<td>\n<div align=\"center\"><strong><span style=\"color: #ffffff; font-family: Verdana, Arial, Helvetica, sans-serif; font-size: medium;\">Year(s) attended at the college<\/span><\/strong><\/div>\n<\/td>\n<td>\n<div align=\"center\"><strong><span style=\"color: #ffffff; font-family: Verdana, Arial, Helvetica, sans-serif; font-size: medium;\">House<\/span><\/strong><\/div>\n<\/td>\n<td>\n<div align=\"center\"><strong><span style=\"color: #ffffff; font-family: Verdana, Arial, Helvetica, sans-serif; font-size: medium;\">Wh\u0101nau contact<\/span><\/strong><\/div>\n<\/td>\n<td>\n<div align=\"center\"><strong><span style=\"color: #ffffff; font-family: Verdana, Arial, Helvetica, sans-serif; font-size: medium;\">Year Passed<\/span><\/strong><\/div>\n<\/td>\n<\/tr>\n<tr>\n<td><span style=\"font-family: Verdana, Arial, Helvetica, sans-serif; font-size: medium;\"><span style=\"color: #ffffff;\">&#8212;-<\/span><\/span><\/td>\n<td>\n<div align=\"center\"><span style=\"font-family: Verdana, Arial, Helvetica, sans-serif; font-size: medium;\">Started ? &#8211; Finished ?<\/span><\/div>\n<\/td>\n<td><span style=\"color: #ffffff; font-family: Verdana, Arial, Helvetica, sans-serif; font-size: medium;\">&#8212;<\/span><\/td>\n<td><span style=\"color: #ffffff; font-family: Verdana, Arial, Helvetica, sans-serif; font-size: medium;\">&#8212;<\/span><\/td>\n<td><span style=\"color: #ffffff; font-family: Verdana, Arial, Helvetica, sans-serif; font-size: medium;\">&#8212;<\/span><\/td>\n<\/tr>\n<tr>\n<td><span style=\"color: #ffffff; font-family: Verdana, Arial, Helvetica, sans-serif; font-size: medium;\">&#8212;<\/span><\/td>\n<td><span style=\"color: #ffffff; font-family: Verdana, Arial, Helvetica, sans-serif; font-size: medium;\">&#8212;<\/span><\/td>\n<td><span style=\"color: #ffffff; font-family: Verdana, Arial, Helvetica, sans-serif; font-size: medium;\">&#8212;<\/span><\/td>\n<td><span style=\"color: #ffffff; font-family: Verdana, Arial, Helvetica, sans-serif; font-size: medium;\">&#8212;<\/span><\/td>\n<td><span style=\"color: #ffffff; font-family: Verdana, Arial, Helvetica, sans-serif; font-size: medium;\">&#8212;<\/span><\/td>\n<\/tr>\n<tr>\n<td><span style=\"color: #ffffff; font-family: Verdana, Arial, Helvetica, sans-serif; font-size: medium;\">&#8212;<\/span><\/td>\n<td><span style=\"color: #ffffff; font-family: Verdana, Arial, Helvetica, sans-serif; font-size: medium;\">&#8212;<\/span><\/td>\n<td><span style=\"color: #ffffff; font-family: Verdana, Arial, Helvetica, sans-serif; font-size: medium;\">&#8212;<\/span><\/td>\n<td><span style=\"color: #ffffff; font-family: Verdana, Arial, Helvetica, sans-serif; font-size: medium;\">&#8212;<\/span><\/td>\n<td><span style=\"color: #ffffff; font-family: Verdana, Arial, Helvetica, sans-serif; font-size: medium;\">&#8212;<\/span><\/td>\n<\/tr>\n<tr>\n<td><span style=\"color: #ffffff; font-family: Verdana, Arial, Helvetica, sans-serif; font-size: medium;\">&#8212;<\/span><\/td>\n<td><span style=\"color: #ffffff; font-family: Verdana, Arial, Helvetica, sans-serif; font-size: medium;\">&#8212;<\/span><\/td>\n<td><span style=\"color: #ffffff; font-family: Verdana, Arial, Helvetica, sans-serif; font-size: medium;\">&#8212;<\/span><\/td>\n<td><span style=\"color: #ffffff; font-family: Verdana, Arial, Helvetica, sans-serif; font-size: medium;\">&#8212;<\/span><\/td>\n<td><span style=\"color: #ffffff; font-family: Verdana, Arial, Helvetica, sans-serif; font-size: medium;\">&#8212;<\/span><\/td>\n<\/tr>\n<\/tbody>\n<\/table>\n<p><span style=\"font-family: Verdana, Arial, Helvetica, sans-serif; font-size: small;\">Once completed, please email the details back to The Hato P\u0101ora Old Boys Executive at;<\/span><\/p>\n<table border=\"0\" width=\"45%\" cellspacing=\"0\" cellpadding=\"0\">\n<tbody>\n<tr>\n<td bgcolor=\"#333366\">\n<div align=\"center\"><span style=\"font-family: Verdana, Arial, Helvetica, sans-serif; font-size: small;\"><a href=\"mailto:communications@parorangi.maori.nz?subject=mate%20Registration\"><span style=\"color: #ffffff;\"><strong>communications@parorangi.maori.nz<\/strong><\/span><\/a><\/span><\/div>\n<\/td>\n<\/tr>\n<\/tbody>\n<\/table>\n<p><span style=\"font-family: Verdana, Arial, Helvetica, sans-serif; font-size: small;\">or, if you do not have access to a computer to process your info. Please contact our Communications Manager Mahanga Williams on 06-3675952 or cell 027-2433561<br \/>\n<\/span><\/p>\n<p><span style=\"font-family: Verdana, Arial, Helvetica, sans-serif; font-size: small;\">N\u014dreira, ng\u0101 manaakitanga ki a koutou ko t\u014du wh\u0101nau<\/span><\/p>\n<p><span style=\"font-family: Verdana, Arial, Helvetica, sans-serif; font-size: small;\">Whaia Te Tika,<\/span><\/p>\n<p><span style=\"font-family: Verdana, Arial, Helvetica, sans-serif; font-size: small;\">HPC-OBA<br \/>\nMarch 2012<\/span><\/p>\n<\/div>\n","protected":false},"excerpt":{"rendered":"<p>E te tuakana, t\u0113n\u0101 koe The Hato P\u0101ora Old Boys Executive is planning to update the P\u0101nui Mate Board that currently resides in the Chapel at the College. In order for the Executive to receive accurate information related to this sensitive subject, we ask that you fill out the following form and send it back &hellip; <a href=\"https:\/\/parorangi.maori.nz\/hpc\/archive-taonga\/mate-board\/\" class=\"more-link\">Continue reading <span class=\"screen-reader-text\">Mate Board<\/span><\/a><\/p>\n","protected":false},"author":1,"featured_media":0,"parent":35,"menu_order":0,"comment_status":"closed","ping_status":"closed","template":"","meta":{"footnotes":""},"class_list":["post-41","page","type-page","status-publish","hentry"],"jetpack_sharing_enabled":true,"_links":{"self":[{"href":"https:\/\/parorangi.maori.nz\/hpc\/wp-json\/wp\/v2\/pages\/41","targetHints":{"allow":["GET"]}}],"collection":[{"href":"https:\/\/parorangi.maori.nz\/hpc\/wp-json\/wp\/v2\/pages"}],"about":[{"href":"https:\/\/parorangi.maori.nz\/hpc\/wp-json\/wp\/v2\/types\/page"}],"author":[{"embeddable":true,"href":"https:\/\/parorangi.maori.nz\/hpc\/wp-json\/wp\/v2\/users\/1"}],"replies":[{"embeddable":true,"href":"https:\/\/parorangi.maori.nz\/hpc\/wp-json\/wp\/v2\/comments?post=41"}],"version-history":[{"count":1,"href":"https:\/\/parorangi.maori.nz\/hpc\/wp-json\/wp\/v2\/pages\/41\/revisions"}],"predecessor-version":[{"id":42,"href":"https:\/\/parorangi.maori.nz\/hpc\/wp-json\/wp\/v2\/pages\/41\/revisions\/42"}],"up":[{"embeddable":true,"href":"https:\/\/parorangi.maori.nz\/hpc\/wp-json\/wp\/v2\/pages\/35"}],"wp:attachment":[{"href":"https:\/\/parorangi.maori.nz\/hpc\/wp-json\/wp\/v2\/media?parent=41"}],"curies":[{"name":"wp","href":"https:\/\/api.w.org\/{rel}","templated":true}]}}