{"id":29,"date":"2017-10-31T02:24:23","date_gmt":"2017-10-31T02:24:23","guid":{"rendered":"http:\/\/parorangi.maori.nz\/hpc\/?page_id=29"},"modified":"2017-11-01T10:05:24","modified_gmt":"2017-10-31T21:05:24","slug":"news-archives","status":"publish","type":"page","link":"https:\/\/parorangi.maori.nz\/hpc\/news-archives\/","title":{"rendered":"News Archives"},"content":{"rendered":"<h2><span style=\"font-family: Verdana, Arial, Helvetica, sans-serif; font-size: large;\">HPC-OBA<br \/>\nNEWS FLASH!<\/span><\/h2>\n<p><span style=\"font-family: Verdana, Arial, Helvetica, sans-serif; font-size: large;\"><strong>Website is currently Being Updated<\/strong><\/span><\/p>\n<p>09-03-2013 HPC-OBA<\/p>\n<h4>HPC-OBA<br \/>\nREGISTRATION FORM FOR 2014<\/h4>\n<h4>REUNION GROUP (1947 \u2013 1964)<br \/>\nLABOUR WEEKEND 2014<\/h4>\n<h4>Saturday 25th Oct &#8211; Sunday 26th Oct<\/h4>\n<div align=\"left\"><strong>HATO PAORA COLLEGE OLD BOY\u2019S ANNUAL REUNION EVENTS.<\/strong><br \/>\n\u201cReconnecting Old Boys Back With Their Kura and Each Other\u201d<br \/>\nT\u0113n\u0101 koutou ng\u0101 tama tawhito o te Kura o Hato Paora,<\/div>\n<div align=\"left\">\n<div>\n<div align=\"left\"><strong>INTRODUCTION:<\/strong><br \/>\n<span style=\"font-family: Verdana, Arial, Helvetica, sans-serif; font-size: small;\">In the past decade, there have been a number of requests from old boys wanting to attend Reunions back at the College.<\/span><\/div>\n<div align=\"left\"><span style=\"font-family: Verdana, Arial, Helvetica, sans-serif; font-size: small;\">According to research on Boarding School Reunions, they are far more attractive to Alumni if reunions are celebrated among their own associates (year group). After much thought and discussion among the Hato Paora College Old Boy\u2019s Association (HPC-OBA), it was decided that the amalgamation of year groups will be adopted for future Old Boys Reunions.<\/span><\/div>\n<\/div>\n<\/div>\n<div align=\"left\">\n<div>\n<div align=\"left\"><span style=\"font-family: Verdana, Arial, Helvetica, sans-serif; font-size: small;\">To help kick start this process, we have decided to amalgamate the earlier 17 years together as one Reunion group, starting from 1947\u2019 to 1964.\u2019 This group will celebrate their 50th Anniversary, they were also fortunate to be under the rectorship of SM Fr Isaac Gupwell, known as the \u2018Gupwell Era.\u2019 This reunion will begin Labour Weekend 2014 to give the HPC-OBA and College time to prepare.<\/span><\/div>\n<\/div>\n<\/div>\n<div align=\"left\">\n<div>\n<div align=\"left\"><span style=\"font-family: Verdana, Arial, Helvetica, sans-serif; font-size: small;\">With this starting point we will then begin rolling out the following Reunions in 5 yearly groups. The reunion registration includes former Staff, Trust Board and BOT members and also includes Old Boy\u2019s Son\u2019s who are old boys themselves in support of their Dad\u2019s reunion or representing Dad\u2019s who have passed.<\/span><\/div>\n<\/div>\n<\/div>\n<div align=\"left\">\n<div>\n<div align=\"left\"><span style=\"font-family: Verdana, Arial, Helvetica, sans-serif; font-size: small;\">Your year group below will be the Form class you were in when you first attended the College. All Reunion events below are scheduled to be held every Labour Weekend.<\/span><\/div>\n<\/div>\n<\/div>\n<div align=\"left\">\n<div align=\"left\">\n<div>\n<div align=\"left\"><span style=\"font-family: Verdana, Arial, Helvetica, sans-serif; font-size: small;\"><img loading=\"lazy\" decoding=\"async\" src=\"http:\/\/parorangi.maori.nz\/abc.gif\" width=\"663\" height=\"301\" \/><\/span><\/div>\n<\/div>\n<\/div>\n<\/div>\n<div align=\"left\">\n<div align=\"left\">\n<div>\n<div align=\"left\"><span style=\"font-size: large;\"><strong><span style=\"font-family: Verdana, Arial, Helvetica, sans-serif;\"><u>REUNION 2014 PROGRAMME<\/u><\/span><\/strong>\u00a0<\/span><u><span style=\"font-family: Verdana, Arial, Helvetica, sans-serif; font-size: large;\"><strong>&#8211; Year Group (1947 \u2013 1964)<\/strong><\/span><\/u><\/div>\n<\/div>\n<\/div>\n<\/div>\n<div align=\"left\">\n<div align=\"left\">\n<div>\n<div align=\"left\"><span style=\"font-family: Verdana, Arial, Helvetica, sans-serif; font-size: small;\"><strong>SATURDAY 25th OCTOBER 2014 &#8211; PROGRAMME<\/strong>\u00a0<strong>&#8211;<\/strong><\/span><span style=\"font-family: Verdana, Arial, Helvetica, sans-serif; font-size: small;\"><br \/>\n<strong>12.00pm\u00a0<\/strong>Arrive at the Kura for check in and collect memorabilia dress shirt before Reunion begins<br \/>\n<strong>1.00<\/strong>\u00a0POWHIRI begins in WHARENUI &#8211; followed by Year Group Photo Session<br \/>\n<strong>2.30\u00a0<\/strong>Afternoon Tea in Dining Room<br \/>\n<strong>3.00<\/strong>\u00a0Power Point Presentation \u201cHPC 65 Years on\u201d followed by Senior A\u2019s performance<br \/>\n<strong>4.30<\/strong>\u00a0Guided Tour of the School<br \/>\n<strong>5.00<\/strong>\u00a0Accommodation sorted and time to freshen up for Dinner &amp; Social-drinks<br \/>\n<strong>6.00<\/strong>\u00a0Bus departs HPC to Fielding Rangitikei Lions Club<br \/>\n<strong>6.30\u00a0<\/strong>Arrive at Fielding Lions Club for Social Drinks<br \/>\n<strong>7.00\u00a0<\/strong>Dinner \u2013 followed by guest speakers ?<br \/>\n<strong>8.00<\/strong>\u00a0Cutting of 67th School Reunion Cake &#8211; followed by HPC Old Boys Presentation<br \/>\n<strong>8.30<\/strong>\u00a0Entertainment<br \/>\n<strong>11.00<\/strong>\u00a0Finish<\/span><\/div>\n<\/div>\n<\/div>\n<\/div>\n<div align=\"left\">\n<div align=\"left\">\n<div>\n<div align=\"left\"><span style=\"font-family: Verdana, Arial, Helvetica, sans-serif; font-size: small;\"><strong>SUNDAY 26th OCTOBER 2014 &#8211; PROGRAMME &#8211;<\/strong><br \/>\n<strong>8.30am<\/strong>\u00a0Breakfast in the Dining Room<br \/>\n<strong>10.00<\/strong>\u00a0Sunday Mass<br \/>\n<strong>11.00<\/strong>\u00a0Poroporoaki in Wharenu<\/span><\/div>\n<\/div>\n<\/div>\n<\/div>\n<div align=\"left\">\n<div align=\"left\">\n<div>\n<div align=\"left\"><span style=\"font-family: Verdana, Arial, Helvetica, sans-serif; font-size: small;\"><strong><span style=\"font-size: large;\"><u>COSTS FOR: 2014 Reunion Group (1947 \u2013 1964)<\/u><\/span><\/strong><\/span><\/div>\n<\/div>\n<\/div>\n<\/div>\n<div align=\"left\">\n<div align=\"left\">\n<div>\n<div align=\"left\"><span style=\"font-family: Verdana, Arial, Helvetica, sans-serif; font-size: small;\"><strong><span style=\"color: #ff3300; font-size: large;\">OPTION 1:<\/span><\/strong><span style=\"color: #ff3300; font-size: large;\">\u00a0<\/span>Single Ticket $150 = x1 only\u00a0<\/span><span style=\"font-family: Verdana, Arial, Helvetica, sans-serif; font-size: small;\">(ie an Old Boy or former Staff, Trust Board, or BOT).<\/span><\/div>\n<\/div>\n<\/div>\n<\/div>\n<blockquote>\n<blockquote>\n<div align=\"left\">\n<blockquote>\n<div align=\"left\">\n<div>\n<div align=\"left\">\n<table border=\"1\" width=\"90%\" cellspacing=\"2\" cellpadding=\"0\">\n<tbody>\n<tr>\n<td width=\"86%\"><span style=\"font-family: Verdana, Arial, Helvetica, sans-serif; font-size: small;\">\u2022 Accommodation including Cooked Breakfast on Sunday<\/span><\/td>\n<td width=\"14%\"><span style=\"font-family: Verdana, Arial, Helvetica, sans-serif; font-size: small;\"><strong>$30<\/strong><\/span><\/td>\n<\/tr>\n<tr>\n<td><span style=\"font-family: Verdana, Arial, Helvetica, sans-serif; font-size: small;\">\u2022 Bus &amp; Van transportation to Feilding and return to school<\/span><\/td>\n<td><span style=\"font-family: Verdana, Arial, Helvetica, sans-serif; font-size: small;\"><strong>$10<\/strong><\/span><\/td>\n<\/tr>\n<tr>\n<td><span style=\"font-family: Verdana, Arial, Helvetica, sans-serif; font-size: small;\">\u2022 Memorabilia dress Shirt<\/span><\/td>\n<td><span style=\"font-family: Verdana, Arial, Helvetica, sans-serif; font-size: small;\"><strong>$35<\/strong><\/span><\/td>\n<\/tr>\n<tr>\n<td><span style=\"font-family: Verdana, Arial, Helvetica, sans-serif; font-size: small;\">\u2022 Dinner \u2013 3 course roast meal including Pudding, Tea &amp; Coffee<\/span><\/td>\n<td><span style=\"font-family: Verdana, Arial, Helvetica, sans-serif; font-size: small;\"><strong>$35<\/strong><\/span><\/td>\n<\/tr>\n<tr>\n<td><span style=\"font-family: Verdana, Arial, Helvetica, sans-serif; font-size: small;\">\u2022 Professional recording of the weekend + receive x1 DVD &amp; 1 CD of Photos<\/span><\/td>\n<td><span style=\"font-family: Verdana, Arial, Helvetica, sans-serif; font-size: small;\"><strong>$20<\/strong><\/span><\/td>\n<\/tr>\n<tr>\n<td><span style=\"font-family: Verdana, Arial, Helvetica, sans-serif; font-size: small;\">\u2022 Entertainment for Saturday evening<\/span><\/td>\n<td><span style=\"font-family: Verdana, Arial, Helvetica, sans-serif; font-size: small;\"><strong>$5<\/strong><\/span><\/td>\n<\/tr>\n<tr>\n<td><span style=\"font-family: Verdana, Arial, Helvetica, sans-serif; font-size: small;\">\u2022 Saturday afternoon Tea<\/span><\/td>\n<td><span style=\"font-family: Verdana, Arial, Helvetica, sans-serif; font-size: small;\"><strong>$10<\/strong><\/span><\/td>\n<\/tr>\n<tr>\n<td><span style=\"font-family: Verdana, Arial, Helvetica, sans-serif; font-size: small;\">\u2022 Administration<\/span><\/td>\n<td><span style=\"font-family: Verdana, Arial, Helvetica, sans-serif; font-size: small;\"><strong>$5<\/strong><\/span><\/td>\n<\/tr>\n<tr>\n<td>\n<div align=\"right\"><span style=\"font-family: Verdana, Arial, Helvetica, sans-serif; font-size: small;\">Total Cost for x1 (Old Boy or former Staff, Trust Board, or BOT)<\/span><\/div>\n<\/td>\n<td><span style=\"font-family: Verdana, Arial, Helvetica, sans-serif; font-size: small;\"><strong>$150<\/strong><\/span><\/td>\n<\/tr>\n<\/tbody>\n<\/table>\n<\/div>\n<\/div>\n<\/div>\n<\/blockquote>\n<\/div>\n<\/blockquote>\n<\/blockquote>\n<div align=\"left\">\n<div align=\"left\">\n<div>\n<div align=\"left\"><span style=\"font-family: Verdana, Arial, Helvetica, sans-serif; font-size: small;\"><strong><span style=\"color: #ff3300; font-size: large;\">OPTION 2:\u00a0<\/span><\/strong>Double Tickets $230 (an extra $80.00 for your Partner)<br \/>\n<em>Please note that the Double Tickets excludes the following for your Partner.<\/em><\/span><\/div>\n<\/div>\n<\/div>\n<\/div>\n<div align=\"left\">\n<div align=\"left\">\n<div>\n<div align=\"left\"><span style=\"font-family: Verdana, Arial, Helvetica, sans-serif; font-size: small;\">\u2022 Memorabilia dress Shirt<br \/>\n\u2022 Professional recording of the weekend + receive x1 DVD &amp; 1 CD of Photos<\/span><\/div>\n<\/div>\n<\/div>\n<\/div>\n<div align=\"left\">\n<div align=\"left\">\n<div>\n<div align=\"left\"><span style=\"font-family: Verdana, Arial, Helvetica, sans-serif; font-size: small;\"><strong>KEY NOTES:<\/strong><br \/>\n\u2022 All Annual Reunions are scheduled for \u201cLabour Weekend\u201d in the month of October.<br \/>\n\u2022 All Reunion Registration Fees are to be paid before the end of September in the year your reunion is scheduled. This is to assist with having your Memorabilia Dress Shirt available for your Reunion.<br \/>\n\u2022 Registration fees paid after September will not include the cost of your Dress Shirt. We do not want to disappoint anyone, so please have your registration paid before the end of September.<br \/>\n\u2022 All Reunion Registration Fees include Saturday night accommodation and Sunday breakfast regardless if you chose to stay at the Kura or not. Wherever you choose to stay breakfast is available at the Kura Sunday morning starting 8.30am.<br \/>\n\u2022 Accommodation at the Kura includes linen; you only need to bring warm sleeping bag or blanket.<br \/>\n\u2022 To help keep the Annual Reunions on track and manageable for both the College &amp; HPC-OBA, there are only two options to purchase a Reunion ticket ie (Single or a Double Ticket to include partner).<br \/>\n\u2022 The Reunion will be captured professionally on camera and video. You will receive x1 CD of Photos and x1 DVD. This cost has been included in your Reunion Registration fee.<\/span><br \/>\n<span style=\"font-family: Verdana, Arial, Helvetica, sans-serif; font-size: small;\">___________________________________________________________________________________<br \/>\n<strong>2 EASY PAYMENT OPTIONS:\u00a0<\/strong>(SINGLE TICKET: $150 or DOUBLE TICKET: $230)<\/span><\/div>\n<\/div>\n<\/div>\n<\/div>\n<div align=\"left\">\n<div align=\"left\">\n<div>\n<div align=\"left\"><span style=\"font-family: Verdana, Arial, Helvetica, sans-serif; font-size: small;\"><strong>INTERNET BANKING DIRECT CREDIT TO:\u00a0<\/strong>HPC-OBA ANZ account number:<span style=\"font-size: medium;\"><strong>\u00a001-0666-0118064-00<\/strong><\/span><\/span><\/div>\n<\/div>\n<\/div>\n<\/div>\n<div align=\"left\">\n<div align=\"left\">\n<div>\n<div align=\"left\"><span style=\"font-family: Verdana, Arial, Helvetica, sans-serif; font-size: small;\"><strong>PLEASE NOTE:\u00a0<\/strong>You must reference both your Name and Surname for our records.<\/span><\/div>\n<\/div>\n<\/div>\n<\/div>\n<div align=\"left\">\n<div align=\"left\">\n<div>\n<div align=\"left\"><span style=\"font-family: Verdana, Arial, Helvetica, sans-serif; font-size: small;\">Once we\u2019ve received this Registration Form including your Payment we will then post or email you a letter to acknowledge that we have received your payment, including the final Programme.<br \/>\n__________________________________________________________________________________<br \/>\n<strong>PAY BY CHEQUE TO:<\/strong>\u00a0HPC-OBA Reunion 2014<\/span><\/div>\n<\/div>\n<\/div>\n<\/div>\n<div align=\"left\">\n<div align=\"left\">\n<div>\n<div align=\"left\"><span style=\"font-family: Verdana, Arial, Helvetica, sans-serif; font-size: small;\">You must reference your Name and Surname on the back of your Cheque for our records.<br \/>\nPlease return this Registration Form including your cheque to:<\/span><\/div>\n<\/div>\n<\/div>\n<\/div>\n<div align=\"left\">\n<div align=\"left\">\n<div>\n<div align=\"left\"><span style=\"font-family: Verdana, Arial, Helvetica, sans-serif; font-size: small;\">Nathan Matthews<br \/>\nTe Putahi a Toi<br \/>\nBourke Road<br \/>\nMassey University<br \/>\nPalmerston North 4442<\/span><\/div>\n<\/div>\n<\/div>\n<\/div>\n<div align=\"left\">\n<div align=\"left\">\n<div>\n<div align=\"left\"><span style=\"font-family: Verdana, Arial, Helvetica, sans-serif; font-size: small;\">Once you have submitted this Registration Form Online below and on reciept of your Cheque we will then send or email you a letter to acknowledge that we have received your payment, including the final Programme.<\/span><\/div>\n<\/div>\n<\/div>\n<\/div>\n<div align=\"center\"><\/div>\n<div align=\"center\">\n<div align=\"center\">\n<div align=\"center\">\n<div align=\"center\">\n<div align=\"center\">\n<div align=\"center\">\n<div align=\"center\">\n<h2><span style=\"font-family: Verdana, Arial, Helvetica, sans-serif;\">OLD BOYS DAY 2013<\/span><\/h2>\n<\/div>\n<blockquote>\n<div align=\"justify\"><strong><span style=\"color: #0000ff;\">19th Feb 2013<\/span><\/strong><\/div>\n<div align=\"left\">\n<p><strong><span style=\"font-family: Verdana, Arial, Helvetica, sans-serif; font-size: large;\">OLD BOYS DAY:\u00a0<\/span><span style=\"font-family: Verdana, Arial, Helvetica, sans-serif; font-size: small;\">(reconnecting Old Boys back with their Kura and each other)<\/span><\/strong><\/p>\n<p>We will kick start the Old Boys Day with a mini Touch Rugby Tournament Theme in conjunction with the School Gala Day starting next month Saturday 9th March 2013.<br \/>\nLee Grace (Old Boy) is in charge of organising the old boys Touch Teams, you can contact him on<strong>\u00a0027-4426112<\/strong><br \/>\nTo date he has confirmed we have 5 touch teams ready to go. They are as follows:<br \/>\n1x AUCKLAND<br \/>\n1x HAWKES BAY<br \/>\n1x WGTN<br \/>\n1x MANAWATU<br \/>\n1x HOROWHENUA<br \/>\nThe Old Boys Mini Touch Tournament will start at 9.30am and the School Gala will follow starting 11am.<br \/>\nBrothers on behalf of the Old Boys Association, we encourage you to take up this opportunity and join us back at the Kura whether it be on the Touch field or a spectator from the sideline supporting the Kura Gala.<br \/>\nThere will be lots of Food Stores to purchase Kai from and activities for the kids and wh\u0101nau to make sure there is something for everyone.<br \/>\nBrothers please bring your whanau and lots of $$$ cash to support our Kura because this is the major fundraising event for the Kura.<br \/>\nPlease send this PANUI on to as many old boys and we look forward to seeing you all with your families back at the Kura.<\/p>\n<\/div>\n<div align=\"left\"><span style=\"font-family: Verdana, Arial, Helvetica, sans-serif; font-size: small;\">Stay tune for more communications&#8230;<br \/>\nWHAIA TE TIKA,<\/span><\/div>\n<div align=\"left\"><span style=\"font-family: Verdana, Arial, Helvetica, sans-serif; font-size: small;\"><strong>Mahanga Williams<br \/>\nHPC-OBA<br \/>\nCOMMUNICATIONS<br \/>\ncell: 027-2433561<br \/>\nph: 06-3675952<\/strong><\/span><\/div>\n<\/blockquote>\n<\/div>\n<blockquote>\n<div align=\"justify\"><strong><span style=\"color: #0000ff;\">1st May 2012<\/span><\/strong><\/div>\n<div align=\"justify\"><span style=\"font-family: Verdana, Arial, Helvetica, sans-serif; font-size: small;\">Tena koutou nga tama tawhito o Hato Paora.<\/span><\/div>\n<div align=\"justify\"><span style=\"font-family: Verdana, Arial, Helvetica, sans-serif; font-size: small;\">Please read email below sent to me from Old Boy Nick Te Tana in Brisbane.<\/span><\/div>\n<div align=\"justify\"><span style=\"font-family: Verdana, Arial, Helvetica, sans-serif; font-size: small;\">Kia ora Mahanga,<\/span><\/div>\n<div align=\"justify\"><span style=\"font-family: Verdana, Arial, Helvetica, sans-serif; font-size: small;\">The Reunion pics the boys have put up on Facebook have really generated a lot of interest from Old Boys over here in Brisbane\/Gold Coast. We had our inaugural QLD HPC Old Boys Social Club get together at the Pine Rivers Golf Club on Sunday just gone and all the Old Boys that turned up were buzzing about what the 82 Stinka\u2019s Reunion Committee had put together. There were a lot of questions about what we did, the program, how much it cost, did Wives and Partners come, did the nick names come out etc etc. There was a lot of talk about them linking with Old Boys from their respective years to try and emulate what we did, so bro it seems the standard has been set and hopefully all the hard work you and the other committee members put in will be a motivating force for other OB year groups to refresh their links with the Kura and their brothers. We had approx 15 OBs show up for the Golf Day and unfortunately I felt I let the 82 Stinkas down with my personal performance.<\/span><\/div>\n<div align=\"justify\"><span style=\"font-family: Verdana, Arial, Helvetica, sans-serif; font-size: small;\">Our Golf days are going to happen regularly the last Sunday of every month so any brothers who find themselves in Brisbane around that time are welcome to rock up and participate. Just contact me for the details, the next game is on 29\/4\/12 at the Logan City Golf Club 10.00am Tee Off. We\u2019ve even had some talk from Old Boys in NSW about a possible State Vs State game that we would alternate each year between Brisbane and Sydney (probably organise for a weekend when there is an All Black test or Warriors Game in Town). Once we flesh out the details bro I\u2019ll try to keep you informed so you can update bros via website or the new FB page.<\/span><\/div>\n<div align=\"justify\"><span style=\"font-family: Verdana, Arial, Helvetica, sans-serif; font-size: small;\">Whaia te Tika<\/span><\/div>\n<div align=\"justify\"><span style=\"font-family: Verdana, Arial, Helvetica, sans-serif; font-size: small;\">Nick Te Tana (1982-86).<br \/>\n<a href=\"mailto:nicktetana@gmail.com\"><span style=\"color: #0000ff;\">nicktetana@gmail.com<\/span><\/a><\/span><\/div>\n<div align=\"left\">\n<hr align=\"JUSTIFY\" \/>\n<div align=\"justify\"><span style=\"color: #0000ff; font-family: Verdana, Arial, Helvetica, sans-serif; font-size: small;\"><strong>22nd March 2012<\/strong><\/span><\/div>\n<\/div>\n<div align=\"justify\"><span style=\"font-family: Verdana, Arial, Helvetica, sans-serif; font-size: small;\">PANUI FROM THE TUMUAKI<\/span><\/div>\n<div align=\"justify\"><span style=\"font-family: Verdana, Arial, Helvetica, sans-serif; font-size: small;\">M\u014drena t\u0101tou, e te wh\u0101nau o Hato P\u0101ora,<br \/>\nNei ra te mihi o te w\u0101 ki a koutou katoa.<\/span><\/div>\n<div align=\"justify\"><span style=\"font-family: Verdana, Arial, Helvetica, sans-serif; font-size: small;\">Last night we received word that the results of a seismic assessment on our school buildings identified three buildings of concern:<br \/>\n\u2022 the two upstairs classrooms and<br \/>\n\u2022 the Chapel<\/span><\/div>\n<div align=\"justify\"><span style=\"font-family: Verdana, Arial, Helvetica, sans-serif; font-size: small;\">We received a directive to vacate those spaces immediately.<br \/>\nWe have made some temporary arrangements and sought advice from the Diocese. We are awaiting further information about the situation.<\/span><\/div>\n<div align=\"justify\"><span style=\"font-family: Verdana, Arial, Helvetica, sans-serif; font-size: small;\">As you know, our College Chapel is very dear and special to our community, it is central to our daily life activity and has witnessed many happenings over the years.<br \/>\nThis communication serves to advise you of this news and to assure you that, although disappointed, the students and staff remain positive, resilient and faithful to God.<\/span><\/div>\n<div align=\"justify\"><span style=\"font-family: Verdana, Arial, Helvetica, sans-serif; font-size: small;\">K\u0101ti ake ra i k\u014dnei, noho pai mai i roto i ng\u0101 manaakitanga katoa o Hehu Karaiti.<\/span><\/div>\n<div align=\"justify\"><span style=\"font-family: Verdana, Arial, Helvetica, sans-serif; font-size: small;\">N\u0101ku noa,<br \/>\nn\u0101 Debi Marshall-Lobb<\/span><\/div>\n<div align=\"justify\"><span style=\"font-family: Verdana, Arial, Helvetica, sans-serif; font-size: small;\">\u201cMore than that, we rejoice in our sufferings, knowing that suffering produces endurance, and endurance produces character, and character produces hope, and hope does not disappoint us, because God&#8217;s love has been poured into our hearts through the Holy Spirit who has been given to us.\u201d<br \/>\n\u2015 Saint Paul<\/span><\/div>\n<div align=\"left\">\n<hr align=\"JUSTIFY\" \/>\n<\/div>\n<div align=\"justify\"><strong><span style=\"color: #0000ff;\">1st March 2012<\/span><\/strong><\/div>\n<div align=\"justify\">KURA GALA<br \/>\n10am Sat 1st March 2012<br \/>\nWords out now brothers\u2026 HPC CLASS OF \u201982 old boys is having a reunion during this weekend and will be attending the College Gala. They would like to encourage old boys to join them at the Kura Gala. It will be an awesome day catching up with everyone as well as supporting the Kura. See below Gala programme.<\/div>\n<div align=\"justify\">Time Event<br \/>\n10am Gala opens with karakia<br \/>\n10.30am Senior A Kapa Haka<br \/>\n1st performance &#8211; gold coin entry<br \/>\n12.00 &#8211; 1pm Hato Paora\u201d X Factor \u201c- House Challenge<br \/>\n1pm<\/div>\n<div align=\"justify\">1.30pm<br \/>\nHangi Arrives<\/div>\n<div align=\"justify\">Old boys vs Current Boys Challenge ??<br \/>\n2pm Year 9 Performance<br \/>\n2.30pm Senior A Kapa Haka<br \/>\n2nd performance &#8211; gold coin entry<br \/>\n3.00pm Gala closes and clean up.<\/div>\n<\/blockquote>\n<\/div>\n<\/div>\n<\/div>\n<\/div>\n<\/div>\n","protected":false},"excerpt":{"rendered":"<p>HPC-OBA NEWS FLASH! Website is currently Being Updated 09-03-2013 HPC-OBA HPC-OBA REGISTRATION FORM FOR 2014 REUNION GROUP (1947 \u2013 1964) LABOUR WEEKEND 2014 Saturday 25th Oct &#8211; Sunday 26th Oct HATO PAORA COLLEGE OLD BOY\u2019S ANNUAL REUNION EVENTS. \u201cReconnecting Old Boys Back With Their Kura and Each Other\u201d T\u0113n\u0101 koutou ng\u0101 tama tawhito o te &hellip; <a href=\"https:\/\/parorangi.maori.nz\/hpc\/news-archives\/\" class=\"more-link\">Continue reading <span class=\"screen-reader-text\">News Archives<\/span><\/a><\/p>\n","protected":false},"author":1,"featured_media":99,"parent":0,"menu_order":0,"comment_status":"closed","ping_status":"closed","template":"","meta":{"footnotes":""},"class_list":["post-29","page","type-page","status-publish","has-post-thumbnail","hentry"],"jetpack_sharing_enabled":true,"_links":{"self":[{"href":"https:\/\/parorangi.maori.nz\/hpc\/wp-json\/wp\/v2\/pages\/29","targetHints":{"allow":["GET"]}}],"collection":[{"href":"https:\/\/parorangi.maori.nz\/hpc\/wp-json\/wp\/v2\/pages"}],"about":[{"href":"https:\/\/parorangi.maori.nz\/hpc\/wp-json\/wp\/v2\/types\/page"}],"author":[{"embeddable":true,"href":"https:\/\/parorangi.maori.nz\/hpc\/wp-json\/wp\/v2\/users\/1"}],"replies":[{"embeddable":true,"href":"https:\/\/parorangi.maori.nz\/hpc\/wp-json\/wp\/v2\/comments?post=29"}],"version-history":[{"count":2,"href":"https:\/\/parorangi.maori.nz\/hpc\/wp-json\/wp\/v2\/pages\/29\/revisions"}],"predecessor-version":[{"id":128,"href":"https:\/\/parorangi.maori.nz\/hpc\/wp-json\/wp\/v2\/pages\/29\/revisions\/128"}],"wp:featuredmedia":[{"embeddable":true,"href":"https:\/\/parorangi.maori.nz\/hpc\/wp-json\/wp\/v2\/media\/99"}],"wp:attachment":[{"href":"https:\/\/parorangi.maori.nz\/hpc\/wp-json\/wp\/v2\/media?parent=29"}],"curies":[{"name":"wp","href":"https:\/\/api.w.org\/{rel}","templated":true}]}}